{"id":2662,"date":"2022-01-08T19:11:53","date_gmt":"2022-01-08T18:11:53","guid":{"rendered":"https:\/\/suwalskie.tropy.net\/?page_id=2662"},"modified":"2022-07-29T15:23:31","modified_gmt":"2022-07-29T13:23:31","slug":"galeria-2022","status":"publish","type":"page","link":"https:\/\/suwalskie.tropy.net\/index.php\/galeria-2022\/","title":{"rendered":"Galeria 2022"},"content":{"rendered":"\n<p><strong><a href=\"https:\/\/photos.google.com\/u\/1\/share\/AF1QipMR8UIV157xN_UO4bdca4W0PcKNOpCjsH3i-dxWMFPjOU9sG7Cu9q9Nyss5hoC1Cg?key=cF9JMENiRlhMS2ZpYm1KbnAzanFiQ3MweWdtdE9B\">Galeria g<\/a><\/strong><span class=\"has-inline-color has-colibri-color-6-color\"><strong><a href=\"https:\/\/photos.google.com\/u\/1\/share\/AF1QipMR8UIV157xN_UO4bdca4W0PcKNOpCjsH3i-dxWMFPjOU9sG7Cu9q9Nyss5hoC1Cg?key=cF9JMENiRlhMS2ZpYm1KbnAzanFiQ3MweWdtdE9B\">\u0142\u00f3wna<\/a><\/strong> (fot. Pawe\u0142 Banaszkiewicz, Ostre Kadry)<\/span><\/p>\n\n\n\n<p><a href=\"https:\/\/www.facebook.com\/SuwalskieTropyRace\/posts\/pfbid02R3vo2VwD6JwwF5gaCdhxXe9BpBWVXfU15dGLtbGgYtMtbjbDrqZ8onbip5F5vfWRl\"><span class=\"has-inline-color has-colibri-color-6-color\"><strong>Galeria g\u0142\u00f3wna <\/strong> (fot. Pawe\u0142 Banaszkiewicz, Ostre Kadry) &#8211; FB<\/span><\/a><\/p>\n\n\n\n<p><\/p>\n\n\n\n<p><a href=\"https:\/\/photos.app.goo.gl\/14NkjQ74D6mn83Np7\"><span class=\"has-inline-color has-colibri-color-6-color\"><strong>Galeria &#8211; start i meta<\/strong> (fot. Suwalskie Tropy Race)<\/span><\/a><\/p>\n\n\n\n<p><span class=\"has-inline-color has-colibri-color-6-color\"><strong><a href=\"https:\/\/www.facebook.com\/media\/set?vanity=SuwalskieTropyRace&amp;set=a.423735576371224\">Galeria &#8211; start i m<\/a><\/strong><a href=\"https:\/\/www.facebook.com\/media\/set?vanity=SuwalskieTropyRace&amp;set=a.423735576371224\"><strong>eta<\/strong> <\/a>(f<\/span>ot. Suwalskie Tropy Race) &#8211; FB<\/p>\n","protected":false},"excerpt":{"rendered":"<p>Galeria g\u0142\u00f3wna (fot. Pawe\u0142 Banaszkiewicz, Ostre Kadry) Galeria g\u0142\u00f3wna (fot. Pawe\u0142 Banaszkiewicz, Ostre Kadry) &#8211; FB Galeria &#8211; start i meta (fot. Suwalskie Tropy Race) Galeria &#8211; start i meta (fot. Suwalskie Tropy Race) &#8211; FB<\/p>\n","protected":false},"author":1,"featured_media":0,"parent":0,"menu_order":0,"comment_status":"closed","ping_status":"closed","template":"","meta":[],"_links":{"self":[{"href":"https:\/\/suwalskie.tropy.net\/index.php\/wp-json\/wp\/v2\/pages\/2662"}],"collection":[{"href":"https:\/\/suwalskie.tropy.net\/index.php\/wp-json\/wp\/v2\/pages"}],"about":[{"href":"https:\/\/suwalskie.tropy.net\/index.php\/wp-json\/wp\/v2\/types\/page"}],"author":[{"embeddable":true,"href":"https:\/\/suwalskie.tropy.net\/index.php\/wp-json\/wp\/v2\/users\/1"}],"replies":[{"embeddable":true,"href":"https:\/\/suwalskie.tropy.net\/index.php\/wp-json\/wp\/v2\/comments?post=2662"}],"version-history":[{"count":4,"href":"https:\/\/suwalskie.tropy.net\/index.php\/wp-json\/wp\/v2\/pages\/2662\/revisions"}],"predecessor-version":[{"id":2908,"href":"https:\/\/suwalskie.tropy.net\/index.php\/wp-json\/wp\/v2\/pages\/2662\/revisions\/2908"}],"wp:attachment":[{"href":"https:\/\/suwalskie.tropy.net\/index.php\/wp-json\/wp\/v2\/media?parent=2662"}],"curies":[{"name":"wp","href":"https:\/\/api.w.org\/{rel}","templated":true}]}}