{"id":2018,"date":"2021-06-30T00:13:13","date_gmt":"2021-06-29T22:13:13","guid":{"rendered":"https:\/\/suwalskie.tropy.net\/?page_id=2018"},"modified":"2023-07-12T13:46:24","modified_gmt":"2023-07-12T11:46:24","slug":"wolontariat","status":"publish","type":"page","link":"https:\/\/suwalskie.tropy.net\/index.php\/wolontariat\/","title":{"rendered":"Wolontariat"},"content":{"rendered":"\n<p class=\"has-colibri-color-6-color has-text-color\"><strong><mark style=\"background-color:rgba(0, 0, 0, 0)\" class=\"has-inline-color has-colibri-color-6-color\">Nie masz plan\u00f3w na weekend 22 &#8211; 23 lipca 2022 (i dodatkowo pi\u0105tek 21. lipca)?<\/mark><\/strong><\/p>\n\n\n\n<p class=\"has-colibri-color-6-color has-text-color\"><strong><mark style=\"background-color:rgba(0, 0, 0, 0)\" class=\"has-inline-color has-colibri-color-6-color\">Zosta\u0144 wolontariuszem na 3. edycji Suwalskie Tropy Race.<\/mark><\/strong><\/p>\n\n\n\n<figure class=\"wp-block-image size-full is-resized\"><img decoding=\"async\" loading=\"lazy\" src=\"https:\/\/suwalskie.tropy.net\/wp-content\/uploads\/2021\/06\/volunteers-3874924_1920.png\" alt=\"\" class=\"wp-image-2035\" width=\"480\" height=\"339\" srcset=\"https:\/\/suwalskie.tropy.net\/wp-content\/uploads\/2021\/06\/volunteers-3874924_1920.png 1920w, https:\/\/suwalskie.tropy.net\/wp-content\/uploads\/2021\/06\/volunteers-3874924_1920-300x212.png 300w, https:\/\/suwalskie.tropy.net\/wp-content\/uploads\/2021\/06\/volunteers-3874924_1920-1024x724.png 1024w, https:\/\/suwalskie.tropy.net\/wp-content\/uploads\/2021\/06\/volunteers-3874924_1920-768x543.png 768w, https:\/\/suwalskie.tropy.net\/wp-content\/uploads\/2021\/06\/volunteers-3874924_1920-1536x1086.png 1536w\" sizes=\"(max-width: 480px) 100vw, 480px\" \/><\/figure>\n\n\n\n<p class=\"has-colibri-color-6-color has-text-color\"><strong>Dlaczego warto?<\/strong><\/p>\n\n\n\n<ul>\n<li><mark style=\"background-color:rgba(0, 0, 0, 0)\" class=\"has-inline-color has-colibri-color-6-color\">We\u017amiesz udzia\u0142 w ciekawym, energetycznym wydarzeniu! <\/mark><\/li>\n\n\n\n<li><mark style=\"background-color:rgba(0, 0, 0, 0)\" class=\"has-inline-color has-colibri-color-6-color\">Poznasz wielu niesamowitych ludzi z pasj\u0105. <\/mark><\/li>\n\n\n\n<li><mark style=\"background-color:rgba(0, 0, 0, 0)\" class=\"has-inline-color has-colibri-color-6-color\">Sp\u0119dzisz czas w przepi\u0119knym miejscu (Folwark Hutta nad Jez. Kole\u015bne).<\/mark><\/li>\n\n\n\n<li><mark style=\"background-color:rgba(0, 0, 0, 0)\" class=\"has-inline-color has-colibri-color-6-color\">Od kuchni zobaczysz jak wygl\u0105da organizacja eventu sportowego.<\/mark><\/li>\n\n\n\n<li><mark style=\"background-color:rgba(0, 0, 0, 0)\" class=\"has-inline-color has-colibri-color-6-color\">B\u0119dziesz dzia\u0142a\u0107 w zgranym i fajnym zespole.<\/mark><\/li>\n\n\n\n<li><mark style=\"background-color:rgba(0, 0, 0, 0)\" class=\"has-inline-color has-colibri-color-6-color\">W wolnej chwili poje\u017adzisz rowerem, przejdziesz na spacer lub poleniuchujesz nad jeziorem<\/mark><\/li>\n<\/ul>\n\n\n\n<p class=\"has-colibri-color-6-color has-text-color\">A mo\u017ce to do\u015bwiadczenie zainspiruje Ci\u0119 do w\u0142asnych dzia\u0142a\u0144?<\/p>\n\n\n\n<p class=\"has-colibri-color-6-color has-text-color\"><strong>Co b\u0119dziesz robi\u0107?<\/strong><\/p>\n\n\n\n<p class=\"has-colibri-color-6-color has-text-color\">W dniu 21.lipca (pi\u0105tek) przyda nam si\u0119 pomoc przy:<\/p>\n\n\n\n<ul>\n<li>pakowaniu pakiet\u00f3w startowych, <\/li>\n\n\n\n<li><mark style=\"background-color:rgba(0, 0, 0, 0)\" class=\"has-inline-color has-colibri-color-6-color\">rozstawianiu bazy zawod\u00f3w<\/mark><\/li>\n\n\n\n<li><mark style=\"background-color:rgba(0, 0, 0, 0)\" class=\"has-inline-color has-colibri-color-6-color\">wydawaniu pakiet\u00f3w startowych zawodnikom<\/mark><\/li>\n<\/ul>\n\n\n\n<p class=\"has-colibri-color-6-color has-text-color\">W dniu 22. lipca (sobota) przyda nam si\u0119 pomoc przy:<\/p>\n\n\n\n<ul>\n<li><mark style=\"background-color:rgba(0, 0, 0, 0)\" class=\"has-inline-color has-colibri-color-6-color\">porannym starcie zawodnik\u00f3w (od godz. 6.00), \u00a0<\/mark><\/li>\n\n\n\n<li><mark style=\"background-color:rgba(0, 0, 0, 0)\" class=\"has-inline-color has-colibri-color-6-color\">popo\u0142udniowo \u2013 wieczorno &#8211; nocnej obs\u0142udze imprezy: witanie zawodnik\u00f3w na mecie, wr\u0119czanie medali i upomink\u00f3w (po godz. 15.00)<\/mark><\/li>\n<\/ul>\n\n\n\n<p class=\"has-colibri-color-6-color has-text-color\"><strong>Co musisz umie\u0107?<\/strong><\/p>\n\n\n\n<p class=\"has-colibri-color-6-color has-text-color\">Wystarcz\u0105 ch\u0119ci, pogodna natura i u\u015bmiech na twarzy.<\/p>\n\n\n\n<p class=\"has-colibri-color-6-color has-text-color\"><mark style=\"background-color:rgba(0, 0, 0, 0)\" class=\"has-inline-color has-colibri-color-6-color\">Zapewniamy odbi\u00f3r z Suwa\u0142k (np. z dworca). Pokrywamy koszty dojazdu i zakwaterowania.<\/mark><\/p>\n\n\n\n<p class=\"has-colibri-color-6-color has-text-color\"><mark style=\"background-color:rgba(0, 0, 0, 0)\" class=\"has-inline-color has-colibri-color-6-color\">Ch\u0119tnych zapraszamy do wys\u0142ania zg\u0142oszenia na adres\u00a0<a rel=\"noreferrer noopener\" href=\"mailto:organizator@tropy.net\" target=\"_blank\">organizator@suwalskietropy.pl<\/a>\u00a0lub kontakt pod nr tel. 504\u00a0097 9<\/mark>25<\/p>\n\n\n\n<figure class=\"wp-block-image size-large\"><img decoding=\"async\" loading=\"lazy\" width=\"1024\" height=\"576\" src=\"https:\/\/suwalskie.tropy.net\/wp-content\/uploads\/2021\/06\/z-drona-1-1024x576.jpg\" alt=\"\" class=\"wp-image-2037\" srcset=\"https:\/\/suwalskie.tropy.net\/wp-content\/uploads\/2021\/06\/z-drona-1-1024x576.jpg 1024w, https:\/\/suwalskie.tropy.net\/wp-content\/uploads\/2021\/06\/z-drona-1-300x169.jpg 300w, https:\/\/suwalskie.tropy.net\/wp-content\/uploads\/2021\/06\/z-drona-1-768x432.jpg 768w, https:\/\/suwalskie.tropy.net\/wp-content\/uploads\/2021\/06\/z-drona-1-1536x864.jpg 1536w, https:\/\/suwalskie.tropy.net\/wp-content\/uploads\/2021\/06\/z-drona-1.jpg 1600w\" sizes=\"(max-width: 1024px) 100vw, 1024px\" \/><\/figure>\n","protected":false},"excerpt":{"rendered":"<p>Nie masz plan\u00f3w na weekend 22 &#8211; 23 lipca 2022 (i dodatkowo pi\u0105tek 21. lipca)? Zosta\u0144 wolontariuszem na 3. edycji Suwalskie Tropy Race. Dlaczego warto? A mo\u017ce to do\u015bwiadczenie zainspiruje Ci\u0119 do w\u0142asnych dzia\u0142a\u0144? Co b\u0119dziesz robi\u0107? W dniu 21.lipca (pi\u0105tek) przyda nam si\u0119 pomoc przy: W dniu 22. lipca (sobota) przyda nam si\u0119 pomoc przy: Co musisz umie\u0107? Wystarcz\u0105 ch\u0119ci, pogodna natura i u\u015bmiech na twarzy. Zapewniamy odbi\u00f3r z Suwa\u0142k (np. z dworca). Pokrywamy [&hellip;]<\/p>\n","protected":false},"author":1,"featured_media":0,"parent":0,"menu_order":0,"comment_status":"closed","ping_status":"closed","template":"","meta":[],"_links":{"self":[{"href":"https:\/\/suwalskie.tropy.net\/index.php\/wp-json\/wp\/v2\/pages\/2018"}],"collection":[{"href":"https:\/\/suwalskie.tropy.net\/index.php\/wp-json\/wp\/v2\/pages"}],"about":[{"href":"https:\/\/suwalskie.tropy.net\/index.php\/wp-json\/wp\/v2\/types\/page"}],"author":[{"embeddable":true,"href":"https:\/\/suwalskie.tropy.net\/index.php\/wp-json\/wp\/v2\/users\/1"}],"replies":[{"embeddable":true,"href":"https:\/\/suwalskie.tropy.net\/index.php\/wp-json\/wp\/v2\/comments?post=2018"}],"version-history":[{"count":11,"href":"https:\/\/suwalskie.tropy.net\/index.php\/wp-json\/wp\/v2\/pages\/2018\/revisions"}],"predecessor-version":[{"id":3072,"href":"https:\/\/suwalskie.tropy.net\/index.php\/wp-json\/wp\/v2\/pages\/2018\/revisions\/3072"}],"wp:attachment":[{"href":"https:\/\/suwalskie.tropy.net\/index.php\/wp-json\/wp\/v2\/media?parent=2018"}],"curies":[{"name":"wp","href":"https:\/\/api.w.org\/{rel}","templated":true}]}}