{"id":1878,"date":"2021-04-26T10:52:08","date_gmt":"2021-04-26T08:52:08","guid":{"rendered":"https:\/\/suwalskie.tropy.net\/?page_id=1878"},"modified":"2023-03-31T12:20:19","modified_gmt":"2023-03-31T10:20:19","slug":"baza-zawodow-2","status":"publish","type":"page","link":"https:\/\/suwalskie.tropy.net\/index.php\/baza-zawodow-2\/","title":{"rendered":"Baza zawod\u00f3w"},"content":{"rendered":"\n<p><mark style=\"background-color:rgba(0, 0, 0, 0)\" class=\"has-inline-color has-colibri-color-6-color\">Baz\u0105 zawod\u00f3w b\u0119dzie\u00a0<a href=\"http:\/\/www.hutta.pl\/\"><strong>Folwark Hutta<\/strong><\/a>\u00a0zlokalizowany w miejscowo\u015bci Huta nad jez. Kole\u015bne. Jest to trzygwiazdkowy pensjonat le\u017c\u0105cy w otulinie Wigierskiego Parku Narodowego oraz 7 km od centrum Suwa\u0142k.<\/mark><\/p>\n\n\n\n<p class=\"has-colibri-color-6-color has-text-color\"><mark style=\"background-color:rgba(0, 0, 0, 0)\" class=\"has-inline-color has-colibri-color-6-color\">W bazie rajdu mo\u017cna zarezerwowa\u0107 noclegi w pokojach, ale mo\u017cna r\u00f3wnie\u017c rozstawi\u0107 namiot na rozleg\u0142ym zielonym terenie w obr\u0119bie obiektu (w kwocie 30 z\u0142\/ namiot\/doba na has\u0142o \u201eSuwalskie Tropy\u201d zawodnik sam dokonuje rezerwacji i reguluje op\u0142aty z Folwarkiem).<\/mark><\/p>\n\n\n\n<p><mark style=\"background-color:rgba(0, 0, 0, 0)\" class=\"has-inline-color has-colibri-color-6-color\">Teren Folwarku jest ogrodzony, znajduje si\u0119 na nim parking oraz pla\u017ca.<\/mark><\/p>\n\n\n\n<p><mark style=\"background-color:rgba(0, 0, 0, 0)\" class=\"has-inline-color has-colibri-color-6-color\">W bazie zawod\u00f3w znajduje si\u0119 te\u017c restauracja, kt\u00f3ra uraczy Was pysznym dwudaniowym posi\u0142kiem na mecie. W bazie dost\u0119pne b\u0119d\u0105 r\u00f3wnie\u017c sanitariaty.<\/mark><\/p>\n\n\n\n<figure class=\"is-layout-flex wp-block-gallery-1 wp-block-gallery has-nested-images columns-default is-cropped\">\n<figure class=\"wp-block-image size-large\"><img decoding=\"async\" loading=\"lazy\" width=\"1024\" height=\"576\" data-id=\"1429\"  src=\"https:\/\/suwalskie.tropy.net\/wp-content\/uploads\/2021\/02\/z-drona-1024x576.jpg\" alt=\"\" class=\"wp-image-1429\" srcset=\"https:\/\/suwalskie.tropy.net\/wp-content\/uploads\/2021\/02\/z-drona-1024x576.jpg 1024w, https:\/\/suwalskie.tropy.net\/wp-content\/uploads\/2021\/02\/z-drona-300x169.jpg 300w, https:\/\/suwalskie.tropy.net\/wp-content\/uploads\/2021\/02\/z-drona-768x432.jpg 768w, https:\/\/suwalskie.tropy.net\/wp-content\/uploads\/2021\/02\/z-drona-1536x864.jpg 1536w, https:\/\/suwalskie.tropy.net\/wp-content\/uploads\/2021\/02\/z-drona.jpg 1600w\" sizes=\"(max-width: 1024px) 100vw, 1024px\" \/><\/figure>\n\n\n\n<figure class=\"wp-block-image size-large\"><img decoding=\"async\" loading=\"lazy\" width=\"1024\" height=\"576\" data-id=\"1426\"  src=\"https:\/\/suwalskie.tropy.net\/wp-content\/uploads\/2021\/02\/baza-1024x576.jpg\" alt=\"\" class=\"wp-image-1426\" srcset=\"https:\/\/suwalskie.tropy.net\/wp-content\/uploads\/2021\/02\/baza-1024x576.jpg 1024w, https:\/\/suwalskie.tropy.net\/wp-content\/uploads\/2021\/02\/baza-300x169.jpg 300w, https:\/\/suwalskie.tropy.net\/wp-content\/uploads\/2021\/02\/baza-768x432.jpg 768w, https:\/\/suwalskie.tropy.net\/wp-content\/uploads\/2021\/02\/baza-1536x864.jpg 1536w, https:\/\/suwalskie.tropy.net\/wp-content\/uploads\/2021\/02\/baza.jpg 1600w\" sizes=\"(max-width: 1024px) 100vw, 1024px\" \/><\/figure>\n\n\n\n<figure class=\"wp-block-image size-large\"><img decoding=\"async\" loading=\"lazy\" width=\"1024\" height=\"576\" data-id=\"1427\"  src=\"https:\/\/suwalskie.tropy.net\/wp-content\/uploads\/2021\/02\/domki-1024x576.jpg\" alt=\"\" class=\"wp-image-1427\" srcset=\"https:\/\/suwalskie.tropy.net\/wp-content\/uploads\/2021\/02\/domki-1024x576.jpg 1024w, https:\/\/suwalskie.tropy.net\/wp-content\/uploads\/2021\/02\/domki-300x169.jpg 300w, https:\/\/suwalskie.tropy.net\/wp-content\/uploads\/2021\/02\/domki-768x432.jpg 768w, https:\/\/suwalskie.tropy.net\/wp-content\/uploads\/2021\/02\/domki-1536x864.jpg 1536w, https:\/\/suwalskie.tropy.net\/wp-content\/uploads\/2021\/02\/domki.jpg 1600w\" sizes=\"(max-width: 1024px) 100vw, 1024px\" \/><\/figure>\n\n\n\n<figure class=\"wp-block-image size-large\"><img decoding=\"async\" loading=\"lazy\" width=\"1024\" height=\"576\" data-id=\"1428\"  src=\"https:\/\/suwalskie.tropy.net\/wp-content\/uploads\/2021\/02\/ezioro-1024x576.jpg\" alt=\"\" class=\"wp-image-1428\" srcset=\"https:\/\/suwalskie.tropy.net\/wp-content\/uploads\/2021\/02\/ezioro-1024x576.jpg 1024w, https:\/\/suwalskie.tropy.net\/wp-content\/uploads\/2021\/02\/ezioro-300x169.jpg 300w, https:\/\/suwalskie.tropy.net\/wp-content\/uploads\/2021\/02\/ezioro-768x432.jpg 768w, https:\/\/suwalskie.tropy.net\/wp-content\/uploads\/2021\/02\/ezioro-1536x864.jpg 1536w, https:\/\/suwalskie.tropy.net\/wp-content\/uploads\/2021\/02\/ezioro.jpg 1600w\" sizes=\"(max-width: 1024px) 100vw, 1024px\" \/><\/figure>\n<\/figure>\n","protected":false},"excerpt":{"rendered":"<p>Baz\u0105 zawod\u00f3w b\u0119dzie\u00a0Folwark Hutta\u00a0zlokalizowany w miejscowo\u015bci Huta nad jez. Kole\u015bne. Jest to trzygwiazdkowy pensjonat le\u017c\u0105cy w otulinie Wigierskiego Parku Narodowego oraz 7 km od centrum Suwa\u0142k. W bazie rajdu mo\u017cna zarezerwowa\u0107 noclegi w pokojach, ale mo\u017cna r\u00f3wnie\u017c rozstawi\u0107 namiot na rozleg\u0142ym zielonym terenie w obr\u0119bie obiektu (w kwocie 30 z\u0142\/ namiot\/doba na has\u0142o \u201eSuwalskie Tropy\u201d zawodnik sam dokonuje rezerwacji i reguluje op\u0142aty z Folwarkiem). Teren Folwarku jest ogrodzony, znajduje si\u0119 na nim parking oraz pla\u017ca. [&hellip;]<\/p>\n","protected":false},"author":2,"featured_media":0,"parent":0,"menu_order":0,"comment_status":"closed","ping_status":"closed","template":"","meta":[],"_links":{"self":[{"href":"https:\/\/suwalskie.tropy.net\/index.php\/wp-json\/wp\/v2\/pages\/1878"}],"collection":[{"href":"https:\/\/suwalskie.tropy.net\/index.php\/wp-json\/wp\/v2\/pages"}],"about":[{"href":"https:\/\/suwalskie.tropy.net\/index.php\/wp-json\/wp\/v2\/types\/page"}],"author":[{"embeddable":true,"href":"https:\/\/suwalskie.tropy.net\/index.php\/wp-json\/wp\/v2\/users\/2"}],"replies":[{"embeddable":true,"href":"https:\/\/suwalskie.tropy.net\/index.php\/wp-json\/wp\/v2\/comments?post=1878"}],"version-history":[{"count":2,"href":"https:\/\/suwalskie.tropy.net\/index.php\/wp-json\/wp\/v2\/pages\/1878\/revisions"}],"predecessor-version":[{"id":3023,"href":"https:\/\/suwalskie.tropy.net\/index.php\/wp-json\/wp\/v2\/pages\/1878\/revisions\/3023"}],"wp:attachment":[{"href":"https:\/\/suwalskie.tropy.net\/index.php\/wp-json\/wp\/v2\/media?parent=1878"}],"curies":[{"name":"wp","href":"https:\/\/api.w.org\/{rel}","templated":true}]}}