{"id":1875,"date":"2021-04-30T08:52:57","date_gmt":"2021-04-30T06:52:57","guid":{"rendered":"https:\/\/suwalskie.tropy.net\/?page_id=1875"},"modified":"2021-04-30T16:28:03","modified_gmt":"2021-04-30T14:28:03","slug":"oferta-noclegowa","status":"publish","type":"page","link":"https:\/\/suwalskie.tropy.net\/index.php\/oferta-noclegowa\/","title":{"rendered":"Baza noclegowa"},"content":{"rendered":"\n<p><span class=\"has-inline-color has-colibri-color-6-color\">W poni\u017cszym pliku zamieszczamy spis miejsc oferuj\u0105cych noclegi w okolicy bazy zawod\u00f3w (do ok. 20 km).<\/span><\/p>\n\n\n\n<p><span class=\"has-inline-color has-colibri-color-6-color\">Oferta noclegowa z okolicy<\/span> <a href=\"https:\/\/suwalskie.tropy.net\/wp-content\/uploads\/2021\/04\/Baza-noclegowa.pdf\">NOCLEGI<\/a><\/p>\n","protected":false},"excerpt":{"rendered":"<p>W poni\u017cszym pliku zamieszczamy spis miejsc oferuj\u0105cych noclegi w okolicy bazy zawod\u00f3w (do ok. 20 km). Oferta noclegowa z okolicy NOCLEGI<\/p>\n","protected":false},"author":2,"featured_media":0,"parent":0,"menu_order":0,"comment_status":"closed","ping_status":"closed","template":"","meta":[],"_links":{"self":[{"href":"https:\/\/suwalskie.tropy.net\/index.php\/wp-json\/wp\/v2\/pages\/1875"}],"collection":[{"href":"https:\/\/suwalskie.tropy.net\/index.php\/wp-json\/wp\/v2\/pages"}],"about":[{"href":"https:\/\/suwalskie.tropy.net\/index.php\/wp-json\/wp\/v2\/types\/page"}],"author":[{"embeddable":true,"href":"https:\/\/suwalskie.tropy.net\/index.php\/wp-json\/wp\/v2\/users\/2"}],"replies":[{"embeddable":true,"href":"https:\/\/suwalskie.tropy.net\/index.php\/wp-json\/wp\/v2\/comments?post=1875"}],"version-history":[{"count":3,"href":"https:\/\/suwalskie.tropy.net\/index.php\/wp-json\/wp\/v2\/pages\/1875\/revisions"}],"predecessor-version":[{"id":1907,"href":"https:\/\/suwalskie.tropy.net\/index.php\/wp-json\/wp\/v2\/pages\/1875\/revisions\/1907"}],"wp:attachment":[{"href":"https:\/\/suwalskie.tropy.net\/index.php\/wp-json\/wp\/v2\/media?parent=1875"}],"curies":[{"name":"wp","href":"https:\/\/api.w.org\/{rel}","templated":true}]}}