{"id":128,"date":"2021-01-09T00:15:51","date_gmt":"2021-01-08T23:15:51","guid":{"rendered":"https:\/\/suwalskie.tropy.net\/?page_id=128"},"modified":"2023-07-14T00:50:11","modified_gmt":"2023-07-13T22:50:11","slug":"rejestracja","status":"publish","type":"page","link":"https:\/\/suwalskie.tropy.net\/index.php\/rejestracja\/","title":{"rendered":"Rejestracja"},"content":{"rendered":"\n<p><\/p>\n\n\n\n<p class=\"has-text-align-center\"><mark style=\"background-color:rgba(0, 0, 0, 0)\" class=\"has-inline-color has-colibri-color-6-color\"><br><\/mark><strong><mark style=\"background-color:rgba(0, 0, 0, 0)\" class=\"has-inline-color has-colibri-color-6-color\">Wybierz sw\u00f3j dystans i ruszaj po przygod\u0119 w pi\u0119knej suwalskiej krainie!<\/mark><\/strong><\/p>\n\n\n\n<div class=\"is-horizontal is-content-justification-center is-layout-flex wp-container-1 wp-block-buttons\">\n<div class=\"wp-block-button\"><a class=\"wp-block-button__link has-background wp-element-button\" href=\"https:\/\/b4sportonline.pl\/suwalskie_tropy_race\/zapisy_na_str200_km_1\" style=\"border-radius:50px;background-color:#38a0ae\">Trasa 200 km<\/a><\/div>\n\n\n\n<div class=\"wp-block-button is-style-fill\"><a class=\"wp-block-button__link has-text-color has-background wp-element-button\" href=\"https:\/\/b4sportonline.pl\/suwalskie_tropy_race\/zapisy_na_str350_km_1\" style=\"border-radius:50px;color:#f6f9f8;background-color:#2764ae\">Trasa 350 km<\/a><\/div>\n<\/div>\n\n\n\n<p><br><\/p>\n\n\n\n<p><strong><mark style=\"background-color:rgba(0, 0, 0, 0)\" class=\"has-inline-color has-colibri-color-6-color\">Zapisy trwaj\u0105 do 18. lipca (w\u0142\u0105cznie). <\/mark><\/strong><br><mark style=\"background-color:rgba(0, 0, 0, 0)\" class=\"has-inline-color has-colibri-color-6-color\">Op\u0142ata startowa za udzia\u0142 jednej osoby wynosi:<\/mark><\/p>\n\n\n\n<p><mark style=\"background-color:rgba(0, 0, 0, 0)\" class=\"has-inline-color has-colibri-color-6-color\">a) STR 350 km<\/mark><\/p>\n\n\n\n<ul>\n<li><mark style=\"background-color:rgba(0, 0, 0, 0)\" class=\"has-inline-color has-colibri-color-6-color\">wp\u0142ata do 31.03.2023 r. (w\u0142\u0105cznie) \u2013 350 z\u0142;<\/mark><\/li>\n\n\n\n<li><mark style=\"background-color:rgba(0, 0, 0, 0)\" class=\"has-inline-color has-colibri-color-6-color\">po 1.04.2023 r. \u2013 390 z\u0142<\/mark><\/li>\n<\/ul>\n\n\n\n<p><mark style=\"background-color:rgba(0, 0, 0, 0)\" class=\"has-inline-color has-colibri-color-6-color\">b) STR 200 km<\/mark><\/p>\n\n\n\n<ul>\n<li><mark style=\"background-color:rgba(0, 0, 0, 0)\" class=\"has-inline-color has-colibri-color-6-color\">wp\u0142ata do 31.03.2023 r. (w\u0142\u0105cznie) \u2013 330 z\u0142;<\/mark><\/li>\n\n\n\n<li><mark style=\"background-color:rgba(0, 0, 0, 0)\" class=\"has-inline-color has-colibri-color-6-color\">wp\u0142ata od 1.042023 r. \u2013 370 z\u0142<\/mark><\/li>\n<\/ul>\n\n\n\n<p><\/p>\n\n\n\n<p><mark style=\"background-color:rgba(0, 0, 0, 0)\" class=\"has-inline-color has-colibri-color-6-color\">W ramach wpisowego otrzymasz:<\/mark><\/p>\n\n\n\n<div class=\"is-layout-constrained wp-block-group\"><div class=\"wp-block-group__inner-container\">\n<p class=\"has-colibri-color-6-color has-text-color\">1) numer startowy<\/p>\n\n\n\n<p class=\"has-colibri-color-6-color has-text-color\">2) tras\u0119 zawod\u00f3w w postaci elektronicznej (plik .gpx)<\/p>\n\n\n\n<p class=\"has-colibri-color-6-color has-text-color\">3) lokalizator GPS oraz monitoring Twojego przejazdu online (na og\u00f3lnodost\u0119pnym portalu)<\/p>\n\n\n\n<p class=\"has-colibri-color-6-color has-text-color\">4) pakiet startowy obejmuj\u0105cy chust\u0119 wielofunkcyjn\u0105 i inne upominki<\/p>\n\n\n\n<p class=\"has-colibri-color-6-color has-text-color\">5) profesjonaln\u0105 obs\u0142ug\u0119 fotograficzn\u0105<\/p>\n\n\n\n<p class=\"has-colibri-color-6-color has-text-color\">6) ciep\u0142y dwudaniowy posi\u0142ek na mecie<\/p>\n\n\n\n<p class=\"has-colibri-color-6-color has-text-color\">7) piwo na mecie<\/p>\n\n\n\n<p class=\"has-colibri-color-6-color has-text-color\">8) medal dla finisher\u00f3w<\/p>\n\n\n\n<p class=\"has-colibri-color-6-color has-text-color\">9) nagrody za miejsca 1-3 w poszczeg\u00f3lnych kategoriach i trasach<\/p>\n\n\n\n<p class=\"has-colibri-color-6-color has-text-color\">10) dost\u0119p do prysznic\u00f3w i toalet w bazie zawod\u00f3w<\/p>\n<\/div><\/div>\n\n\n\n<p class=\"has-colibri-color-6-color has-text-color\">Dodatkowo b\u0119d<mark style=\"background-color:rgba(0, 0, 0, 0)\" class=\"has-inline-color has-colibri-color-6-color\">zie mo\u017cliwo\u015b\u0107 nabycia koszulki technicznej zawod\u00f3w w cenie 60 PLN (tylko przy zg\u0142oszeniach do 6.07.2023 r.)<\/mark><\/p>\n\n\n<p><\/p>\n<div id=\"custom\" class=\"h-section h-section-global-spacing d-flex align-items-lg-center align-items-md-center align-items-center style-554 style-local-128-c6 position-relative\" data-colibri-component=\"section\" data-colibri-id=\"128-c6\">\n<div class=\"h-section-grid-container h-section-boxed-container\">\n<div class=\"h-row-container gutters-row-lg-2 gutters-row-md-2 gutters-row-0 gutters-row-v-lg-2 gutters-row-v-md-2 gutters-row-v-2 style-555 style-local-128-c7 position-relative\" data-colibri-id=\"128-c7\">\n<div class=\"h-row justify-content-lg-center justify-content-md-center justify-content-center align-items-lg-stretch align-items-md-stretch align-items-stretch gutters-col-lg-2 gutters-col-md-2 gutters-col-0 gutters-col-v-lg-2 gutters-col-v-md-2 gutters-col-v-2\">\n<div class=\"h-column h-column-container d-flex h-col-lg-auto h-col-md-auto h-col-auto style-556-outer style-local-128-c8-outer\">\n<div class=\"d-flex h-flex-basis h-column__inner h-px-lg-2 h-px-md-2 h-px-2 v-inner-lg-2 v-inner-md-2 v-inner-2 style-556 style-local-128-c8 position-relative\" data-colibri-id=\"128-c8\">\n<div class=\"w-100 h-y-container h-column__content h-column__v-align flex-basis-100 align-self-lg-start align-self-md-start align-self-start\">\n<div class=\"h-x-container style-557 style-local-128-c9 position-relative h-element\" data-colibri-id=\"128-c9\">\n<div class=\"h-x-container-inner style-dynamic-128-c9-group style-557-spacing style-local-128-c9-spacing\"><span class=\"h-button__outer style-558-outer style-local-128-c10-outer d-inline-flex h-element\">&nbsp;<\/span><\/div>\n<p><\/p>\n<\/div>\n<\/div>\n<\/div>\n<\/div>\n<\/div>\n<\/div>\n<\/div>\n<\/div>","protected":false},"excerpt":{"rendered":"<p>Wybierz sw\u00f3j dystans i ruszaj po przygod\u0119 w pi\u0119knej suwalskiej krainie! Zapisy trwaj\u0105 do 18. lipca (w\u0142\u0105cznie). Op\u0142ata startowa za udzia\u0142 jednej osoby wynosi: a) STR 350 km b) STR 200 km W ramach wpisowego otrzymasz: 1) numer startowy 2) tras\u0119 zawod\u00f3w w postaci elektronicznej (plik .gpx) 3) lokalizator GPS oraz monitoring Twojego przejazdu online (na og\u00f3lnodost\u0119pnym portalu) 4) pakiet startowy obejmuj\u0105cy chust\u0119 wielofunkcyjn\u0105 i inne upominki 5) profesjonaln\u0105 obs\u0142ug\u0119 fotograficzn\u0105 6) ciep\u0142y dwudaniowy posi\u0142ek [&hellip;]<\/p>\n","protected":false},"author":1,"featured_media":0,"parent":0,"menu_order":0,"comment_status":"closed","ping_status":"closed","template":"page-templates\/full-width-page.php","meta":[],"_links":{"self":[{"href":"https:\/\/suwalskie.tropy.net\/index.php\/wp-json\/wp\/v2\/pages\/128"}],"collection":[{"href":"https:\/\/suwalskie.tropy.net\/index.php\/wp-json\/wp\/v2\/pages"}],"about":[{"href":"https:\/\/suwalskie.tropy.net\/index.php\/wp-json\/wp\/v2\/types\/page"}],"author":[{"embeddable":true,"href":"https:\/\/suwalskie.tropy.net\/index.php\/wp-json\/wp\/v2\/users\/1"}],"replies":[{"embeddable":true,"href":"https:\/\/suwalskie.tropy.net\/index.php\/wp-json\/wp\/v2\/comments?post=128"}],"version-history":[{"count":19,"href":"https:\/\/suwalskie.tropy.net\/index.php\/wp-json\/wp\/v2\/pages\/128\/revisions"}],"predecessor-version":[{"id":3084,"href":"https:\/\/suwalskie.tropy.net\/index.php\/wp-json\/wp\/v2\/pages\/128\/revisions\/3084"}],"wp:attachment":[{"href":"https:\/\/suwalskie.tropy.net\/index.php\/wp-json\/wp\/v2\/media?parent=128"}],"curies":[{"name":"wp","href":"https:\/\/api.w.org\/{rel}","templated":true}]}}